{"id":6331,"date":"2019-06-04T10:36:53","date_gmt":"2019-06-04T10:36:53","guid":{"rendered":"https:\/\/georgiosgrammatikos.gr\/?page_id=6331"},"modified":"2023-09-13T07:26:04","modified_gmt":"2023-09-13T07:26:04","slug":"about-us-v2-3","status":"publish","type":"page","link":"https:\/\/georgiosgrammatikos.gr\/?page_id=6331","title":{"rendered":"Lebenslauf"},"content":{"rendered":"<div class=\"wpb-content-wrapper\"><p>[vc_row][vc_column]<div class=\"eut-element eut-image eut-align-left\" style=\"\"><div class=\"eut-image-wrapper eut-popup-item\" style=\"max-width:567px;\"><div class=\"eut-thumbnail-wrapper\"  style=\"max-width: 567px;\"><div class=\"eut-thumbnail\"  style=\"padding-top: 100%;\"><img loading=\"lazy\" decoding=\"async\" width=\"567\" height=\"567\" src=\"https:\/\/georgiosgrammatikos.gr\/wp-content\/uploads\/2019\/06\/photo_bio2-1.jpg\" class=\"attachment-full size-full\" alt=\"\" data-eutf-filter=\"yes\" srcset=\"https:\/\/georgiosgrammatikos.gr\/wp-content\/uploads\/2019\/06\/photo_bio2-1.jpg 567w, https:\/\/georgiosgrammatikos.gr\/wp-content\/uploads\/2019\/06\/photo_bio2-1-150x150.jpg 150w, https:\/\/georgiosgrammatikos.gr\/wp-content\/uploads\/2019\/06\/photo_bio2-1-300x300.jpg 300w, https:\/\/georgiosgrammatikos.gr\/wp-content\/uploads\/2019\/06\/photo_bio2-1-560x560.jpg 560w\" sizes=\"auto, (max-width: 567px) 100vw, 567px\" \/><\/div><\/div>  <\/div><\/div>[\/vc_column][\/vc_row][vc_row][vc_column]<h3 class=\"eut-element eut-title eut-align-inherit eut-h3\" style=\"\"><span><strong style=\"color: #304273;\"><em>PD Dr. med. <\/em><\/strong><strong style=\"color: #304273;\">Georgios Grammatikos<\/strong><\/span><\/h3><h3 class=\"eut-element eut-title eut-align-inherit eut-h3\" style=\"\"><span><strong style=\"color: #304273;\">Gastroenterologie \/ Hepatologie\u00a0<\/strong><\/span><\/h3><div class=\"eut-empty-space eut-height-1x\" style=\"\"><\/div>[vc_column_text]Herr PD Dr. Georgios Grammatikos, geboren 1982 in Thessaloniki, hat nach dem Abiturerwerb an der Deutschen Schule Thessaloniki sein Medizinstudium an der Universit\u00e4t Duisburg-Essen und an der Universit\u00e4t Z\u00fcrich im Jahre 2007 abgeschlossen. Im Juli 2008 trat Herr PD Dr. Grammatikos als Assistenzarzt in die Medizinischen Klinik 1 der Goethe Universit\u00e4t Frankfurt am Main ein. Im Rahmen seiner experimentellen Doktorarbeit, die an der Universit\u00e4t Duisburg-Essen absolviert und mit \u201esumma cum laude\u201c abgeschlossen wurde, hat sich Herr PD Dr. Grammatikos mit Spingolipiden besch\u00e4ftigt. Diese Schwerpunktforschung konnte er im Rahmen seines Patenschaftsmodells an der Medizinischen Klink 1 in Frankfurt ausbauen und hat daraus resultierend eine eigene Forschungsgruppe an der Goethe-Universit\u00e4t Frankfurt gegr\u00fcndet.<\/p>\n<p>2014 erlangte PD Dr. Grammatikos seine Anerkennung als Facharzt f\u00fcr Innere Medizin und er habilitierte sich 2017 an dem Fachbereich Medizin der Goethe Universit\u00e4t. Es folgte 2018 die Anerkennung als Facharzt f\u00fcr Innere Medizin und Gastroenterologie. Herr PD Dr. Grammatikos konnte zahlreiche inneruniversit\u00e4re F\u00f6rderungen einwerben sowie Drittmittelgelder bei GILEAD, BMBF und des Bundesministeriums f\u00fcr Wirtschaft und Energie (BMWi). Dar\u00fcber hinaus hat Herr PD Dr. Grammatkos eine Patentanmeldung vorzuweisen, wurde 2015 durch den Wissenschaftspreis der Rhein-Main AG f\u00fcr Gastroenterologie und 2016 durch den Wissenschaftspreis der Mitteldeutschen Gesellschaft f\u00fcr Gastroenterologie ausgezeichnet. Besonderer Schwerpunkt seiner klinischen und wissenschaftlichen T\u00e4tigkeit ist die Behandlung chronischer Lebererkrankungen.<\/p>\n<p>Im Herbst 2018 ist Herr PD Dr. Grammatikos nach Thessaloniki umgezogen und hat eine Privatpraxis f\u00fcr Gastroenterologie und Hepatologie gegr\u00fcndet und arbeitet zus\u00e4tzlich an der Privatklinik Agios Loukas w\u00e4hrend er seine Lehr- und Forschungsverpflichtungen weiterhin an der Goethe-Universit\u00e4t Frankfurt erf\u00fcllt.[\/vc_column_text]<div class=\"eut-empty-space eut-height-1x\" style=\"\"><\/div><div class=\"eut-element eut-align-inherit\"><a href=\"https:\/\/georgiosgrammatikos.gr\/wp-content\/uploads\/2019\/03\/CV_2019_grammatikos_de.pdf\" class=\"eut-btn eut-btn-small eut-square eut-bg-black eut-bg-hover-black eut-btn-line\"><span>Detaillierter Lebenslauf<\/span><\/a><\/div><div class=\"eut-empty-space eut-height-1x\" style=\"\"><\/div>[vc_column_text]Zum Publikationsverzeichnis[\/vc_column_text]<div class=\"eut-empty-space eut-height-1x\" style=\"\"><\/div><div class=\"eut-element eut-align-inherit\"><a href=\"https:\/\/scholar.google.com\/citations?user=F3GyYQQAAAAJ&#038;hl=de\" class=\"eut-btn eut-btn-small eut-square eut-bg-black eut-bg-hover-black eut-btn-line\"><span>Google Scholar<\/span><\/a><\/div><div class=\"eut-empty-space eut-height-1x\" style=\"\"><\/div><div class=\"eut-element eut-align-inherit\"><a href=\"https:\/\/www.ncbi.nlm.nih.gov\/pubmed\/?term=grammatikos+g\" class=\"eut-btn eut-btn-small eut-square eut-bg-black eut-bg-hover-black eut-btn-line\"><span>NCBI<\/span><\/a><\/div><div class=\"eut-empty-space eut-height-1x\" style=\"\"><\/div>[vc_column_text]Internationale Hepatologie-Sommerschule[\/vc_column_text]<div class=\"eut-empty-space eut-height-1x\" style=\"\"><\/div><div class=\"eut-element eut-align-inherit\"><a href=\"https:\/\/www.livemedia.gr\/therino-sxoleio-ipatologias\" class=\"eut-btn eut-btn-small eut-square eut-bg-black eut-bg-hover-black eut-btn-line\"><span>Info<\/span><\/a><\/div><div class=\"eut-empty-space eut-height-1x\" style=\"\"><\/div>\t\t\t<div class=\"eut-element eut-social eut-align-inherit eut-icon-type\" style=\"\">\r\n\t\t\t\t<ul>\r\n\t\t\t\t\t\t\t\t\t\t\t\t<li>\r\n\t\t\t\t\t\t\t\t\t<a href=\"#\" class=\"eut-small eut-no-shape\" target=\"_blank\" rel=\"noopener noreferrer\">\r\n\t\t\t\t\t\t\t\t\t\t<i class=\"eut-text-black fab fa-facebook-f\" aria-hidden=\"true\"><\/i>\r\n\t\t\t\t\t\t\t\t\t\t<span class=\"screen-reader-text\">Facebook<\/span>\r\n\t\t\t\t\t\t\t\t\t<\/a>\r\n\t\t\t\t\t\t\t\t<\/li>\r\n\t\t\t\t\t\t\t\t\t\t\t\t<li>\r\n\t\t\t\t\t\t\t\t\t<a href=\"#\" class=\"eut-small eut-no-shape\" target=\"_blank\" rel=\"noopener noreferrer\">\r\n\t\t\t\t\t\t\t\t\t\t<i class=\"eut-text-black fab fa-linkedin-in\" aria-hidden=\"true\"><\/i>\r\n\t\t\t\t\t\t\t\t\t\t<span class=\"screen-reader-text\">LinkedIn<\/span>\r\n\t\t\t\t\t\t\t\t\t<\/a>\r\n\t\t\t\t\t\t\t\t<\/li>\r\n\t\t\t\t\t\t\t\t<\/ul>\r\n\t\t\t<\/div>\r\n\t\t[\/vc_column][\/vc_row][vc_row][vc_column][\/vc_column][\/vc_row]<\/p>\n<\/div>","protected":false},"excerpt":{"rendered":"<p>[vc_row][vc_column][\/vc_column][\/vc_row][vc_row][vc_column][vc_column_text]Herr PD Dr. Georgios Grammatikos, geboren 1982 in Thessaloniki, hat nach dem Abiturerwerb an der Deutschen Schule Thessaloniki sein Medizinstudium an der Universit\u00e4t Duisburg-Essen und an der Universit\u00e4t Z\u00fcrich im Jahre 2007 abgeschlossen. Im Juli 2008 trat Herr PD Dr. Grammatikos als Assistenzarzt in die Medizinischen Klinik 1 der Goethe Universit\u00e4t Frankfurt am Main ein. [&hellip;]<\/p>\n","protected":false},"author":1,"featured_media":0,"parent":0,"menu_order":0,"comment_status":"closed","ping_status":"closed","template":"","meta":{"inline_featured_image":false,"footnotes":""},"class_list":["post-6331","page","type-page","status-publish","hentry"],"_links":{"self":[{"href":"https:\/\/georgiosgrammatikos.gr\/index.php?rest_route=\/wp\/v2\/pages\/6331","targetHints":{"allow":["GET"]}}],"collection":[{"href":"https:\/\/georgiosgrammatikos.gr\/index.php?rest_route=\/wp\/v2\/pages"}],"about":[{"href":"https:\/\/georgiosgrammatikos.gr\/index.php?rest_route=\/wp\/v2\/types\/page"}],"author":[{"embeddable":true,"href":"https:\/\/georgiosgrammatikos.gr\/index.php?rest_route=\/wp\/v2\/users\/1"}],"replies":[{"embeddable":true,"href":"https:\/\/georgiosgrammatikos.gr\/index.php?rest_route=%2Fwp%2Fv2%2Fcomments&post=6331"}],"version-history":[{"count":7,"href":"https:\/\/georgiosgrammatikos.gr\/index.php?rest_route=\/wp\/v2\/pages\/6331\/revisions"}],"predecessor-version":[{"id":6423,"href":"https:\/\/georgiosgrammatikos.gr\/index.php?rest_route=\/wp\/v2\/pages\/6331\/revisions\/6423"}],"wp:attachment":[{"href":"https:\/\/georgiosgrammatikos.gr\/index.php?rest_route=%2Fwp%2Fv2%2Fmedia&parent=6331"}],"curies":[{"name":"wp","href":"https:\/\/api.w.org\/{rel}","templated":true}]}}